{"id":1075,"date":"2021-01-18T10:43:53","date_gmt":"2021-01-18T10:43:53","guid":{"rendered":"http:\/\/firsttronic.es\/formulario-reparacion\/"},"modified":"2021-01-23T16:31:44","modified_gmt":"2021-01-23T16:31:44","slug":"formulario-reparacion","status":"publish","type":"page","link":"https:\/\/firsttronic.es\/ca\/formulario-reparacion\/","title":{"rendered":"Formulari reparaci\u00f3"},"content":{"rendered":"\t\t<div data-elementor-type=\"wp-page\" data-elementor-id=\"1075\" class=\"elementor elementor-1075 elementor-513\">\n\t\t\t\t\t\t<div class=\"elementor-inner\">\n\t\t\t\t<div class=\"elementor-section-wrap\">\n\t\t\t\t\t\t\t\t\t<section class=\"elementor-section elementor-top-section elementor-element elementor-element-135b529 elementor-section-height-min-height elementor-section-items-stretch elementor-section-content-middle elementor-section-boxed elementor-section-height-default\" data-id=\"135b529\" data-element_type=\"section\" id=\"seccion0\" data-settings=\"{&quot;background_background&quot;:&quot;classic&quot;}\">\n\t\t\t\t\t\t<div class=\"elementor-container elementor-column-gap-default\">\n\t\t\t\t\t\t\t<div class=\"elementor-row\">\n\t\t\t\t\t<div class=\"elementor-column elementor-col-100 elementor-top-column elementor-element elementor-element-2cee083\" data-id=\"2cee083\" data-element_type=\"column\">\n\t\t\t<div class=\"elementor-column-wrap elementor-element-populated\">\n\t\t\t\t\t\t\t<div class=\"elementor-widget-wrap\">\n\t\t\t\t\t\t<div class=\"elementor-element elementor-element-e6edfd9 elementor-widget elementor-widget-text-editor\" data-id=\"e6edfd9\" data-element_type=\"widget\" data-widget_type=\"text-editor.default\">\n\t\t\t\t<div class=\"elementor-widget-container\">\n\t\t\t\t\t\t\t\t<div class=\"elementor-text-editor elementor-clearfix\">\n\t\t\t\t<h1>Solicitut de reparaci\u00f3<\/h1>\t\t\t\t\t<\/div>\n\t\t\t\t\t\t<\/div>\n\t\t\t\t<\/div>\n\t\t\t\t<div class=\"elementor-element elementor-element-23c94a4 elementor-widget elementor-widget-text-editor\" data-id=\"23c94a4\" data-element_type=\"widget\" data-widget_type=\"text-editor.default\">\n\t\t\t\t<div class=\"elementor-widget-container\">\n\t\t\t\t\t\t\t\t<div class=\"elementor-text-editor elementor-clearfix\">\n\t\t\t\t<p>Formulari per sol\u00b7licitar la reparaci\u00f3 d&#8217;un electrodom\u00e8stic<\/p>\t\t\t\t\t<\/div>\n\t\t\t\t\t\t<\/div>\n\t\t\t\t<\/div>\n\t\t\t\t\t\t<\/div>\n\t\t\t\t\t<\/div>\n\t\t<\/div>\n\t\t\t\t\t\t\t\t<\/div>\n\t\t\t\t\t<\/div>\n\t\t<\/section>\n\t\t\t\t<section class=\"elementor-section elementor-top-section elementor-element elementor-element-e114013 elementor-section-boxed elementor-section-height-default elementor-section-height-default\" data-id=\"e114013\" data-element_type=\"section\">\n\t\t\t\t\t\t<div class=\"elementor-container elementor-column-gap-default\">\n\t\t\t\t\t\t\t<div class=\"elementor-row\">\n\t\t\t\t\t<div class=\"elementor-column elementor-col-100 elementor-top-column elementor-element elementor-element-738c315\" data-id=\"738c315\" data-element_type=\"column\">\n\t\t\t<div class=\"elementor-column-wrap elementor-element-populated\">\n\t\t\t\t\t\t\t<div class=\"elementor-widget-wrap\">\n\t\t\t\t\t\t<div class=\"elementor-element elementor-element-098c576 elementor-widget elementor-widget-text-editor\" data-id=\"098c576\" data-element_type=\"widget\" data-widget_type=\"text-editor.default\">\n\t\t\t\t<div class=\"elementor-widget-container\">\n\t\t\t\t\t\t\t\t<div class=\"elementor-text-editor elementor-clearfix\">\n\t\t\t\t<p>Si t\u00e9 problemes amb el seu producte, segueixi, si us plau, les seg\u00fcents instruccions per demanar la reparaci\u00f3 del seu aparell.<\/p><p>\u00a0<\/p><p>En cas que tingui algun dubte poden dirigir-se a el seg\u00fcent tel\u00e8fon: 977.221.654<\/p>\t\t\t\t\t<\/div>\n\t\t\t\t\t\t<\/div>\n\t\t\t\t<\/div>\n\t\t\t\t<div class=\"elementor-element elementor-element-f7595ad elementor-button-align-stretch elementor-widget elementor-widget-form\" data-id=\"f7595ad\" data-element_type=\"widget\" data-settings=\"{&quot;step_next_label&quot;:&quot;Siguiente&quot;,&quot;step_previous_label&quot;:&quot;Anterior&quot;,&quot;button_width&quot;:&quot;100&quot;,&quot;step_type&quot;:&quot;number_text&quot;,&quot;step_icon_shape&quot;:&quot;circle&quot;}\" data-widget_type=\"form.default\">\n\t\t\t\t<div class=\"elementor-widget-container\">\n\t\t\t\t\t<form class=\"elementor-form\" method=\"post\" name=\"Formulario_RMA\">\n\t\t\t<input type=\"hidden\" name=\"post_id\" value=\"1075\"\/>\n\t\t\t<input type=\"hidden\" name=\"form_id\" value=\"f7595ad\"\/>\n\t\t\t<input type=\"hidden\" name=\"referer_title\" value=\"\" \/>\n\n\t\t\t\n\t\t\t<div class=\"elementor-form-fields-wrapper elementor-labels-above\">\n\t\t\t\t\t\t\t\t<div class=\"elementor-field-type-text elementor-field-group elementor-column elementor-field-group-persona elementor-col-100 elementor-field-required\">\n\t\t\t\t\t\t\t\t\t\t\t\t\t<input size=\"1\" type=\"text\" name=\"form_fields[persona]\" id=\"form-field-persona\" class=\"elementor-field elementor-size-md  elementor-field-textual\" placeholder=\"Persona de contacte\" required=\"required\" aria-required=\"true\">\n\t\t\t\t\t\t\t\t\t\t\t<\/div>\n\t\t\t\t\t\t\t\t<div class=\"elementor-field-type-text elementor-field-group elementor-column elementor-field-group-direccion elementor-col-100 elementor-field-required\">\n\t\t\t\t\t\t\t\t\t\t\t\t\t<input size=\"1\" type=\"text\" name=\"form_fields[direccion]\" id=\"form-field-direccion\" class=\"elementor-field elementor-size-md  elementor-field-textual\" placeholder=\"Adre\u00e7a\" required=\"required\" aria-required=\"true\">\n\t\t\t\t\t\t\t\t\t\t\t<\/div>\n\t\t\t\t\t\t\t\t<div class=\"elementor-field-type-number elementor-field-group elementor-column elementor-field-group-cp elementor-col-100 elementor-field-required\">\n\t\t\t\t\t\t\t\t<input type=\"number\" name=\"form_fields[cp]\" id=\"form-field-cp\" class=\"elementor-field elementor-size-md  elementor-field-textual\" placeholder=\"Codi postal\" required=\"required\" aria-required=\"true\" min=\"5\" max=\"5\" >\n\t\t\t\t\t\t<\/div>\n\t\t\t\t\t\t\t\t<div class=\"elementor-field-type-text elementor-field-group elementor-column elementor-field-group-poblacion elementor-col-100 elementor-field-required\">\n\t\t\t\t\t\t\t\t\t\t\t\t\t<input size=\"1\" type=\"text\" name=\"form_fields[poblacion]\" id=\"form-field-poblacion\" class=\"elementor-field elementor-size-md  elementor-field-textual\" placeholder=\"Poblaci\u00f3\" required=\"required\" aria-required=\"true\">\n\t\t\t\t\t\t\t\t\t\t\t<\/div>\n\t\t\t\t\t\t\t\t<div class=\"elementor-field-type-text elementor-field-group elementor-column elementor-field-group-Provincia elementor-col-100 elementor-field-required\">\n\t\t\t\t\t\t\t\t\t\t\t\t\t<input size=\"1\" type=\"text\" name=\"form_fields[Provincia]\" id=\"form-field-Provincia\" class=\"elementor-field elementor-size-md  elementor-field-textual\" placeholder=\"Provincia\" required=\"required\" aria-required=\"true\">\n\t\t\t\t\t\t\t\t\t\t\t<\/div>\n\t\t\t\t\t\t\t\t<div class=\"elementor-field-type-tel elementor-field-group elementor-column elementor-field-group-telefono elementor-col-100 elementor-field-required\">\n\t\t\t\t\t\t\t<input size=\"1\" type=\"tel\" name=\"form_fields[telefono]\" id=\"form-field-telefono\" class=\"elementor-field elementor-size-md  elementor-field-textual\" placeholder=\"Tel\u00e8fon\" required=\"required\" aria-required=\"true\" pattern=\"[0-9()#&amp;+*-=.]+\" title=\"Only numbers and phone characters (#, -, *, etc) are accepted.\">\n\n\t\t\t\t\t\t<\/div>\n\t\t\t\t\t\t\t\t<div class=\"elementor-field-type-tel elementor-field-group elementor-column elementor-field-group-field_6891e35 elementor-col-100 elementor-field-required\">\n\t\t\t\t\t\t\t<input size=\"1\" type=\"tel\" name=\"form_fields[field_6891e35]\" id=\"form-field-field_6891e35\" class=\"elementor-field elementor-size-md  elementor-field-textual\" placeholder=\"Tel\u00e8fon 2\" required=\"required\" aria-required=\"true\" pattern=\"[0-9()#&amp;+*-=.]+\" title=\"Only numbers and phone characters (#, -, *, etc) are accepted.\">\n\n\t\t\t\t\t\t<\/div>\n\t\t\t\t\t\t\t\t<div class=\"elementor-field-type-email elementor-field-group elementor-column elementor-field-group-Email elementor-col-100 elementor-field-required\">\n\t\t\t\t\t\t\t\t\t\t\t\t\t<input size=\"1\" type=\"email\" name=\"form_fields[Email]\" id=\"form-field-Email\" class=\"elementor-field elementor-size-md  elementor-field-textual\" placeholder=\"Email\" required=\"required\" aria-required=\"true\">\n\t\t\t\t\t\t\t\t\t\t\t<\/div>\n\t\t\t\t\t\t\t\t<div class=\"elementor-field-type-text elementor-field-group elementor-column elementor-field-group-field_d81fb32 elementor-col-100 elementor-field-required\">\n\t\t\t\t\t\t\t\t\t\t\t\t<label for=\"form-field-field_d81fb32\" class=\"elementor-field-label\">\n\t\t\t\t\t\t\t\tDades de l'aparell defectu\u00f3s\t\t\t\t\t\t\t<\/label>\n\t\t\t\t\t\t\t\t\t\t\t\t\t\t<input size=\"1\" type=\"text\" name=\"form_fields[field_d81fb32]\" id=\"form-field-field_d81fb32\" class=\"elementor-field elementor-size-md  elementor-field-textual\" placeholder=\"Introduzca la marca del aparato\" required=\"required\" aria-required=\"true\">\n\t\t\t\t\t\t\t\t\t\t\t<\/div>\n\t\t\t\t\t\t\t\t<div class=\"elementor-field-type-select elementor-field-group elementor-column elementor-field-group-field_56f0084 elementor-col-100 elementor-field-required\">\n\t\t\t\t\t\t\t<div class=\"elementor-field elementor-select-wrapper remove-before \">\n\t\t\t<div class=\"select-caret-down-wrapper\">\n\t\t\t\t<i aria-hidden=\"true\" class=\"eicon-caret-down\"><\/i>\t\t\t<\/div>\n\t\t\t<select name=\"form_fields[field_56f0084]\" id=\"form-field-field_56f0084\" class=\"elementor-field-textual elementor-size-md\" required=\"required\" aria-required=\"true\">\n\t\t\t\t\t\t\t\t\t<option value=\"Seleccionar marca...\">Seleccionar marca...<\/option>\n\t\t\t\t\t\t\t\t\t<option value=\"Panasonic\">Panasonic<\/option>\n\t\t\t\t\t\t\t\t\t<option value=\"Hitachi\">Hitachi<\/option>\n\t\t\t\t\t\t\t\t\t<option value=\"Daewoo\">Daewoo<\/option>\n\t\t\t\t\t\t\t\t\t<option value=\"Schneider\">Schneider<\/option>\n\t\t\t\t\t\t\t\t\t<option value=\"Kenwood\">Kenwood<\/option>\n\t\t\t\t\t\t\t\t\t<option value=\"Technics\">Technics<\/option>\n\t\t\t\t\t\t\t\t\t<option value=\"Telefunken\">Telefunken<\/option>\n\t\t\t\t\t\t\t\t\t<option value=\"Spc telecom\">Spc telecom<\/option>\n\t\t\t\t\t\t\t\t\t<option value=\"Epson\">Epson<\/option>\n\t\t\t\t\t\t\t\t\t<option value=\"Smeg\">Smeg<\/option>\n\t\t\t\t\t\t\t\t\t<option value=\"Apell\">Apell<\/option>\n\t\t\t\t\t\t\t\t\t<option value=\"Cata\">Cata<\/option>\n\t\t\t\t\t\t\t\t\t<option value=\"Apelson\">Apelson<\/option>\n\t\t\t\t\t\t\t\t\t<option value=\"Sogo\">Sogo<\/option>\n\t\t\t\t\t\t\t\t\t<option value=\"Dalkyo\">Dalkyo<\/option>\n\t\t\t\t\t\t\t\t\t<option value=\"Singer\">Singer<\/option>\n\t\t\t\t\t\t\t\t\t<option value=\"Saivod\">Saivod<\/option>\n\t\t\t\t\t\t\t\t\t<option value=\"Nodor\">Nodor<\/option>\n\t\t\t\t\t\t\t\t\t<option value=\"Remington\">Remington<\/option>\n\t\t\t\t\t\t\t\t\t<option value=\"Babyliss\">Babyliss<\/option>\n\t\t\t\t\t\t\t\t\t<option value=\"fujitsu\">fujitsu<\/option>\n\t\t\t\t\t\t\t\t\t<option value=\"Mycook\">Mycook<\/option>\n\t\t\t\t\t\t\t\t\t<option value=\"Solac\">Solac<\/option>\n\t\t\t\t\t\t\t\t\t<option value=\"Taurus\">Taurus<\/option>\n\t\t\t\t\t\t\t\t\t<option value=\"Minimoka\">Minimoka<\/option>\n\t\t\t\t\t\t\t\t\t<option value=\"Coffeemotions\">Coffeemotions<\/option>\n\t\t\t\t\t\t\t\t\t<option value=\"Turmix\">Turmix<\/option>\n\t\t\t\t\t\t\t\t\t<option value=\"Casals\">Casals<\/option>\n\t\t\t\t\t\t\t<\/select>\n\t\t<\/div>\n\t\t\t\t\t\t<\/div>\n\t\t\t\t\t\t\t\t<div class=\"elementor-field-type-text elementor-field-group elementor-column elementor-field-group-field_1050eda elementor-col-100 elementor-field-required\">\n\t\t\t\t\t\t\t\t\t\t\t\t\t<input size=\"1\" type=\"text\" name=\"form_fields[field_1050eda]\" id=\"form-field-field_1050eda\" class=\"elementor-field elementor-size-md  elementor-field-textual\" placeholder=\"Model de l&#039;aparell\" required=\"required\" aria-required=\"true\">\n\t\t\t\t\t\t\t\t\t\t\t<\/div>\n\t\t\t\t\t\t\t\t<div class=\"elementor-field-type-textarea elementor-field-group elementor-column elementor-field-group-field_59a0037 elementor-col-100\">\n\t\t\t\t\t<textarea class=\"elementor-field-textual elementor-field  elementor-size-md\" name=\"form_fields[field_59a0037]\" id=\"form-field-field_59a0037\" rows=\"4\" placeholder=\"Descripci\u00f3 de l&#039;error\"><\/textarea>\t\t\t\t<\/div>\n\t\t\t\t\t\t\t\t<div class=\"elementor-field-type-acceptance elementor-field-group elementor-column elementor-field-group-field_c5632ff elementor-col-100\">\n\t\t\t\t\t\t\t<div class=\"elementor-field-subgroup\">\n\t\t\t<span class=\"elementor-field-option\">\n\t\t\t\t<input type=\"checkbox\" name=\"form_fields[field_c5632ff]\" id=\"form-field-field_c5632ff\" class=\"elementor-field elementor-size-md  elementor-acceptance-field\">\n\t\t\t\t<label for=\"form-field-field_c5632ff\">He llegit i accepto la pol\u00edtica de privacitat\n<\/label>\t\t\t<\/span>\n\t\t<\/div>\n\t\t\t\t\t\t<\/div>\n\t\t\t\t\t\t\t\t<div class=\"elementor-field-type-recaptcha_v3 elementor-field-group elementor-column elementor-field-group-field_c87fed1 elementor-col-100 recaptcha_v3-bottomleft\">\n\t\t\t\t\t<div class=\"elementor-field\" id=\"form-field-field_c87fed1\"><div class=\"elementor-g-recaptcha\" data-sitekey=\"6LctYDEaAAAAAEDaDpycTLJ79mOI2KJV1rFwCcJ2\" data-type=\"v3\" data-action=\"Form\" data-badge=\"bottomleft\" data-size=\"invisible\"><\/div><\/div>\t\t\t\t<\/div>\n\t\t\t\t\t\t\t\t<div class=\"elementor-field-group elementor-column elementor-field-type-submit elementor-col-100 e-form__buttons\">\n\t\t\t\t\t<button type=\"submit\" class=\"elementor-button elementor-size-xs\">\n\t\t\t\t\t\t<span >\n\t\t\t\t\t\t\t\t\t\t\t\t\t\t\t<span class=\" elementor-button-icon\">\n\t\t\t\t\t\t\t\t\t\t\t\t\t\t\t\t\t\t\t\t\t\t\t\t\t\t<\/span>\n\t\t\t\t\t\t\t\t\t\t\t\t\t\t\t\t\t\t\t\t\t\t<span class=\"elementor-button-text\">Enviar<\/span>\n\t\t\t\t\t\t\t\t\t\t\t\t\t<\/span>\n\t\t\t\t\t<\/button>\n\t\t\t\t<\/div>\n\t\t\t<\/div>\n\t\t<\/form>\n\t\t\t\t<\/div>\n\t\t\t\t<\/div>\n\t\t\t\t<div class=\"elementor-element elementor-element-62a78a0 elementor-widget elementor-widget-text-editor\" data-id=\"62a78a0\" data-element_type=\"widget\" data-widget_type=\"text-editor.default\">\n\t\t\t\t<div class=\"elementor-widget-container\">\n\t\t\t\t\t\t\t\t<div class=\"elementor-text-editor elementor-clearfix\">\n\t\t\t\t<p>First Tronic SL, le informa que los datos personales recogidos ser\u00e1n tratados conforme a la legislaci\u00f3n vigente con las finalidades de gesti\u00f3n de la relaci\u00f3n con clientes y la prestaci\u00f3n del servicio de reparaci\u00f3n solicitado, siendo por tanto la legitimaci\u00f3n para el tratamiento de los datos personales la ejecuci\u00f3n del presente contrato. As\u00ed mismo le informamos que los datos recogidos ser\u00e1n comunicados a la entidad comercializadora del producto objeto del servicio a efectos de tramitaci\u00f3n de las coberturas de garant\u00eda y estad\u00edsticas. Podr\u00e1 ejercer los derechos de acceso, rectificaci\u00f3n, cancelaci\u00f3n u oposici\u00f3n, as\u00ed como los derechos adicionales que le asisten en la direcci\u00f3n de email info@firsttronic.es , as\u00ed como a trav\u00e9s de los medios detallados en la informaci\u00f3n adicional sobre nuestra pol\u00edtica de privacidad que puede consultar en la p\u00e1gina web.<\/p>\t\t\t\t\t<\/div>\n\t\t\t\t\t\t<\/div>\n\t\t\t\t<\/div>\n\t\t\t\t\t\t<\/div>\n\t\t\t\t\t<\/div>\n\t\t<\/div>\n\t\t\t\t\t\t\t\t<\/div>\n\t\t\t\t\t<\/div>\n\t\t<\/section>\n\t\t\t\t<section class=\"elementor-section elementor-top-section elementor-element elementor-element-8dd7545 elementor-section-boxed elementor-section-height-default elementor-section-height-default\" data-id=\"8dd7545\" data-element_type=\"section\" id=\"seccion7\" data-settings=\"{&quot;background_background&quot;:&quot;classic&quot;}\">\n\t\t\t\t\t\t<div class=\"elementor-container elementor-column-gap-default\">\n\t\t\t\t\t\t\t<div class=\"elementor-row\">\n\t\t\t\t\t<div class=\"elementor-column elementor-col-100 elementor-top-column elementor-element elementor-element-6f80821\" data-id=\"6f80821\" data-element_type=\"column\">\n\t\t\t<div class=\"elementor-column-wrap elementor-element-populated\">\n\t\t\t\t\t\t\t<div class=\"elementor-widget-wrap\">\n\t\t\t\t\t\t<div class=\"elementor-element elementor-element-6ceddd1 elementor-widget elementor-widget-text-editor\" data-id=\"6ceddd1\" data-element_type=\"widget\" data-widget_type=\"text-editor.default\">\n\t\t\t\t<div class=\"elementor-widget-container\">\n\t\t\t\t\t\t\t\t<div class=\"elementor-text-editor elementor-clearfix\">\n\t\t\t\t<h2>Solicitar asistencia t\u00e9cnica<\/h2>\t\t\t\t\t<\/div>\n\t\t\t\t\t\t<\/div>\n\t\t\t\t<\/div>\n\t\t\t\t<section class=\"elementor-section elementor-inner-section elementor-element elementor-element-822d3f6 elementor-section-boxed elementor-section-height-default elementor-section-height-default\" data-id=\"822d3f6\" data-element_type=\"section\">\n\t\t\t\t\t\t<div class=\"elementor-container elementor-column-gap-default\">\n\t\t\t\t\t\t\t<div class=\"elementor-row\">\n\t\t\t\t\t<div class=\"elementor-column elementor-col-33 elementor-inner-column elementor-element elementor-element-31b8ffd\" data-id=\"31b8ffd\" data-element_type=\"column\">\n\t\t\t<div class=\"elementor-column-wrap elementor-element-populated\">\n\t\t\t\t\t\t\t<div class=\"elementor-widget-wrap\">\n\t\t\t\t\t\t<div class=\"elementor-element elementor-element-bd50cc1 elementor-align-justify elementor-widget elementor-widget-button\" data-id=\"bd50cc1\" data-element_type=\"widget\" data-widget_type=\"button.default\">\n\t\t\t\t<div class=\"elementor-widget-container\">\n\t\t\t\t\t<div class=\"elementor-button-wrapper\">\n\t\t\t<a href=\"#\" class=\"elementor-button-link elementor-button elementor-size-lg\" role=\"button\">\n\t\t\t\t\t\t<span class=\"elementor-button-content-wrapper\">\n\t\t\t\t\t\t<span class=\"elementor-button-text\">Solicitar reparaci\u00f3n en garant\u00eda<\/span>\n\t\t<\/span>\n\t\t\t\t\t<\/a>\n\t\t<\/div>\n\t\t\t\t<\/div>\n\t\t\t\t<\/div>\n\t\t\t\t\t\t<\/div>\n\t\t\t\t\t<\/div>\n\t\t<\/div>\n\t\t\t\t<div class=\"elementor-column elementor-col-33 elementor-inner-column elementor-element elementor-element-91de383\" data-id=\"91de383\" data-element_type=\"column\">\n\t\t\t<div class=\"elementor-column-wrap elementor-element-populated\">\n\t\t\t\t\t\t\t<div class=\"elementor-widget-wrap\">\n\t\t\t\t\t\t<div class=\"elementor-element elementor-element-76a2ecb elementor-align-justify elementor-widget elementor-widget-button\" data-id=\"76a2ecb\" data-element_type=\"widget\" data-widget_type=\"button.default\">\n\t\t\t\t<div class=\"elementor-widget-container\">\n\t\t\t\t\t<div class=\"elementor-button-wrapper\">\n\t\t\t<a href=\"#\" class=\"elementor-button-link elementor-button elementor-size-lg\" role=\"button\">\n\t\t\t\t\t\t<span class=\"elementor-button-content-wrapper\">\n\t\t\t\t\t\t<span class=\"elementor-button-text\">Solicitar reparaci\u00f3n en garant\u00eda<\/span>\n\t\t<\/span>\n\t\t\t\t\t<\/a>\n\t\t<\/div>\n\t\t\t\t<\/div>\n\t\t\t\t<\/div>\n\t\t\t\t\t\t<\/div>\n\t\t\t\t\t<\/div>\n\t\t<\/div>\n\t\t\t\t<div class=\"elementor-column elementor-col-33 elementor-inner-column elementor-element elementor-element-ac5fb29\" data-id=\"ac5fb29\" data-element_type=\"column\">\n\t\t\t<div class=\"elementor-column-wrap elementor-element-populated\">\n\t\t\t\t\t\t\t<div class=\"elementor-widget-wrap\">\n\t\t\t\t\t\t<div class=\"elementor-element elementor-element-1fc5c38 elementor-align-justify elementor-widget elementor-widget-button\" data-id=\"1fc5c38\" data-element_type=\"widget\" data-widget_type=\"button.default\">\n\t\t\t\t<div class=\"elementor-widget-container\">\n\t\t\t\t\t<div class=\"elementor-button-wrapper\">\n\t\t\t<a href=\"#\" class=\"elementor-button-link elementor-button elementor-size-lg\" role=\"button\">\n\t\t\t\t\t\t<span class=\"elementor-button-content-wrapper\">\n\t\t\t\t\t\t<span class=\"elementor-button-text\">Llamar ahora<\/span>\n\t\t<\/span>\n\t\t\t\t\t<\/a>\n\t\t<\/div>\n\t\t\t\t<\/div>\n\t\t\t\t<\/div>\n\t\t\t\t\t\t<\/div>\n\t\t\t\t\t<\/div>\n\t\t<\/div>\n\t\t\t\t\t\t\t\t<\/div>\n\t\t\t\t\t<\/div>\n\t\t<\/section>\n\t\t\t\t\t\t<\/div>\n\t\t\t\t\t<\/div>\n\t\t<\/div>\n\t\t\t\t\t\t\t\t<\/div>\n\t\t\t\t\t<\/div>\n\t\t<\/section>\n\t\t\t\t\t\t\t\t\t<\/div>\n\t\t\t<\/div>\n\t\t\t\t\t<\/div>\n\t\t","protected":false},"excerpt":{"rendered":"<p>Solicitut de reparaci\u00f3 Formulari per sol\u00b7licitar la reparaci\u00f3 d&#8217;un electrodom\u00e8stic Si t\u00e9 problemes amb el seu producte, segueixi, si us plau, les seg\u00fcents instruccions per demanar la reparaci\u00f3 del seu aparell. \u00a0 En cas que tingui algun dubte poden dirigir-se a el seg\u00fcent tel\u00e8fon: 977.221.654 First Tronic SL, le informa que los datos personales recogidos [&hellip;]<\/p>\n","protected":false},"author":1,"featured_media":0,"parent":0,"menu_order":0,"comment_status":"closed","ping_status":"closed","template":"elementor_header_footer","meta":{"footnotes":""},"class_list":["post-1075","page","type-page","status-publish","hentry"],"_links":{"self":[{"href":"https:\/\/firsttronic.es\/ca\/wp-json\/wp\/v2\/pages\/1075","targetHints":{"allow":["GET"]}}],"collection":[{"href":"https:\/\/firsttronic.es\/ca\/wp-json\/wp\/v2\/pages"}],"about":[{"href":"https:\/\/firsttronic.es\/ca\/wp-json\/wp\/v2\/types\/page"}],"author":[{"embeddable":true,"href":"https:\/\/firsttronic.es\/ca\/wp-json\/wp\/v2\/users\/1"}],"replies":[{"embeddable":true,"href":"https:\/\/firsttronic.es\/ca\/wp-json\/wp\/v2\/comments?post=1075"}],"version-history":[{"count":0,"href":"https:\/\/firsttronic.es\/ca\/wp-json\/wp\/v2\/pages\/1075\/revisions"}],"wp:attachment":[{"href":"https:\/\/firsttronic.es\/ca\/wp-json\/wp\/v2\/media?parent=1075"}],"curies":[{"name":"wp","href":"https:\/\/api.w.org\/{rel}","templated":true}]}}